{"id":11301,"date":"2023-12-20T13:43:37","date_gmt":"2023-12-20T12:43:37","guid":{"rendered":"https:\/\/www.voelker-gmbh.com\/haendler\/"},"modified":"2025-02-24T01:32:38","modified_gmt":"2025-02-24T00:32:38","slug":"dealer","status":"publish","type":"page","link":"https:\/\/www.voelker-gmbh.com\/en\/dealer\/","title":{"rendered":"Dealer"},"content":{"rendered":"\t\t<div data-elementor-type=\"wp-page\" data-elementor-id=\"11301\" class=\"elementor elementor-11301 elementor-11055\" data-elementor-post-type=\"page\">\n\t\t\t\t\t\t<section class=\"elementor-section elementor-top-section elementor-element elementor-element-8ce808b elementor-section-content-middle elementor-section-boxed elementor-section-height-default elementor-section-height-default\" data-id=\"8ce808b\" data-element_type=\"section\" data-e-type=\"section\">\n\t\t\t\t\t\t<div class=\"elementor-container elementor-column-gap-no\">\n\t\t\t\t\t<div class=\"elementor-column elementor-col-100 elementor-top-column elementor-element elementor-element-16bc788e\" data-id=\"16bc788e\" data-element_type=\"column\" data-e-type=\"column\">\n\t\t\t<div class=\"elementor-widget-wrap elementor-element-populated\">\n\t\t\t\t\t\t<div class=\"elementor-element elementor-element-7fd49a39 elementor-widget elementor-widget-heading\" data-id=\"7fd49a39\" data-element_type=\"widget\" data-e-type=\"widget\" data-widget_type=\"heading.default\">\n\t\t\t\t<div class=\"elementor-widget-container\">\n\t\t\t\t\t<h2 class=\"elementor-heading-title elementor-size-default\">Dealer<\/h2>\t\t\t\t<\/div>\n\t\t\t\t<\/div>\n\t\t\t\t<section class=\"elementor-section elementor-inner-section elementor-element elementor-element-6f56033f elementor-section-boxed elementor-section-height-default elementor-section-height-default\" data-id=\"6f56033f\" data-element_type=\"section\" data-e-type=\"section\">\n\t\t\t\t\t\t<div class=\"elementor-container elementor-column-gap-default\">\n\t\t\t\t\t<div class=\"elementor-column elementor-col-50 elementor-inner-column elementor-element elementor-element-10503a65\" data-id=\"10503a65\" data-element_type=\"column\" data-e-type=\"column\">\n\t\t\t<div class=\"elementor-widget-wrap elementor-element-populated\">\n\t\t\t\t\t\t<div class=\"elementor-element elementor-element-f1a7b9d elementor-widget elementor-widget-text-editor\" data-id=\"f1a7b9d\" data-element_type=\"widget\" data-e-type=\"widget\" data-widget_type=\"text-editor.default\">\n\t\t\t\t<div class=\"elementor-widget-container\">\n\t\t\t\t\t\t\t\t\t<h4><strong>Greece<\/strong><\/h4><p>Karabinas S.A.<br \/>Pedini<br \/>45500 Ioannina<\/p><p>Tel: 2651093639<br \/>Mail: <a href=\"mailto:info@vkarabinas-sa.gr\">info@vkarabinas-sa.gr<\/a><br \/>Website: <a href=\"https:\/\/www.vkarabinas-sa.gr\" target=\"_blank\" rel=\"noopener\">www.vkarabinas-sa.gr<\/a><\/p>\t\t\t\t\t\t\t\t<\/div>\n\t\t\t\t<\/div>\n\t\t\t\t\t<\/div>\n\t\t<\/div>\n\t\t\t\t<div class=\"elementor-column elementor-col-50 elementor-inner-column elementor-element elementor-element-4a066226\" data-id=\"4a066226\" data-element_type=\"column\" data-e-type=\"column\">\n\t\t\t<div class=\"elementor-widget-wrap elementor-element-populated\">\n\t\t\t\t\t\t<div class=\"elementor-element elementor-element-84fd18f elementor-widget elementor-widget-text-editor\" data-id=\"84fd18f\" data-element_type=\"widget\" data-e-type=\"widget\" data-widget_type=\"text-editor.default\">\n\t\t\t\t<div class=\"elementor-widget-container\">\n\t\t\t\t\t\t\t\t\t<h4><strong>France<\/strong><\/h4><p>SAS OVOSYSTEMS<br \/>1 rue de la Lib\u00e9ration<br \/>Hameau de Beaugrenier<br \/>60240 MONTJAVOULT<\/p><p>Tel: +33612176934<br \/>Mail: <a href=\"mailto:tesse.jc@orange.fr\">tesse.jc@orange.fr<\/a><\/p>\t\t\t\t\t\t\t\t<\/div>\n\t\t\t\t<\/div>\n\t\t\t\t\t<\/div>\n\t\t<\/div>\n\t\t\t\t\t<\/div>\n\t\t<\/section>\n\t\t\t\t<section class=\"elementor-section elementor-inner-section elementor-element elementor-element-50379c1d elementor-section-boxed elementor-section-height-default elementor-section-height-default\" data-id=\"50379c1d\" data-element_type=\"section\" data-e-type=\"section\">\n\t\t\t\t\t\t<div class=\"elementor-container elementor-column-gap-default\">\n\t\t\t\t\t<div class=\"elementor-column elementor-col-50 elementor-inner-column elementor-element elementor-element-43e9bb2c\" data-id=\"43e9bb2c\" data-element_type=\"column\" data-e-type=\"column\">\n\t\t\t<div class=\"elementor-widget-wrap elementor-element-populated\">\n\t\t\t\t\t\t<div class=\"elementor-element elementor-element-e2a41f9 elementor-widget elementor-widget-text-editor\" data-id=\"e2a41f9\" data-element_type=\"widget\" data-e-type=\"widget\" data-widget_type=\"text-editor.default\">\n\t\t\t\t<div class=\"elementor-widget-container\">\n\t\t\t\t\t\t\t\t\t<h4><strong>Sweden\/Norway<\/strong><\/h4><p style=\"margin-bottom: 0cm;\">Victorsson Poultry AB<br \/>Almedalsv\u00e4gen 182<br \/>43963 Frilles\u00e5s<\/p><p style=\"margin-bottom: 0cm;\">Tel: 072-2370663<br \/>Mail: <a href=\"mailto:info@victorssonpoultry.se\">info@victorssonpoultry.se<\/a><br \/>Website: <a href=\"http:\/\/www.victorssonpoultry.se\" target=\"_blank\" rel=\"noopener\">www.victorssonpoultry.se<\/a><\/p>\t\t\t\t\t\t\t\t<\/div>\n\t\t\t\t<\/div>\n\t\t\t\t\t<\/div>\n\t\t<\/div>\n\t\t\t\t<div class=\"elementor-column elementor-col-50 elementor-inner-column elementor-element elementor-element-6e71e9da\" data-id=\"6e71e9da\" data-element_type=\"column\" data-e-type=\"column\">\n\t\t\t<div class=\"elementor-widget-wrap elementor-element-populated\">\n\t\t\t\t\t\t<div class=\"elementor-element elementor-element-e1c989f elementor-widget elementor-widget-text-editor\" data-id=\"e1c989f\" data-element_type=\"widget\" data-e-type=\"widget\" data-widget_type=\"text-editor.default\">\n\t\t\t\t<div class=\"elementor-widget-container\">\n\t\t\t\t\t\t\t\t\t<h4><strong>Hungary<\/strong><\/h4><p>GALEX Hung\u00e1ria Kft.<br \/>Kert\u00e9sz str. 12\/4<br \/>6000 Kecskem\u00e9t<\/p><p>Tel: 0302057802<br \/>Mail: <a href=\"mailto:galex@galexhungaria.hu\">galex@galexhungaria.hu<\/a><br \/>Website: <a href=\"http:\/\/www.galexhungaria.hu\" target=\"_blank\" rel=\"noopener\">www.galexhungaria.hu<\/a><\/p>\t\t\t\t\t\t\t\t<\/div>\n\t\t\t\t<\/div>\n\t\t\t\t\t<\/div>\n\t\t<\/div>\n\t\t\t\t\t<\/div>\n\t\t<\/section>\n\t\t\t\t<section class=\"elementor-section elementor-inner-section elementor-element elementor-element-0bd9920 elementor-section-boxed elementor-section-height-default elementor-section-height-default\" data-id=\"0bd9920\" data-element_type=\"section\" data-e-type=\"section\">\n\t\t\t\t\t\t<div class=\"elementor-container elementor-column-gap-default\">\n\t\t\t\t\t<div class=\"elementor-column elementor-col-50 elementor-inner-column elementor-element elementor-element-f4e2ab3\" data-id=\"f4e2ab3\" data-element_type=\"column\" data-e-type=\"column\">\n\t\t\t<div class=\"elementor-widget-wrap elementor-element-populated\">\n\t\t\t\t\t\t<div class=\"elementor-element elementor-element-e7c1f6c elementor-widget elementor-widget-text-editor\" data-id=\"e7c1f6c\" data-element_type=\"widget\" data-e-type=\"widget\" data-widget_type=\"text-editor.default\">\n\t\t\t\t<div class=\"elementor-widget-container\">\n\t\t\t\t\t\t\t\t\t<h4><strong>Austria<\/strong><\/h4><p><strong>Eiersortiermaschinen<br \/><\/strong>Janker Agrartechnik GmbH<br \/>Fohrafeld 11<br \/>3233 Kilb<\/p><p>Tel: 0274874060<br \/>Mail: <a href=\"mailto:office@janker.at\">office@janker.at<\/a><br \/>Web: <a href=\"http:\/\/www.janker.at\" target=\"_blank\" rel=\"noopener\">www.janker.at<\/a><\/p>\t\t\t\t\t\t\t\t<\/div>\n\t\t\t\t<\/div>\n\t\t\t\t\t<\/div>\n\t\t<\/div>\n\t\t\t\t<div class=\"elementor-column elementor-col-50 elementor-inner-column elementor-element elementor-element-884c85e\" data-id=\"884c85e\" data-element_type=\"column\" data-e-type=\"column\">\n\t\t\t<div class=\"elementor-widget-wrap elementor-element-populated\">\n\t\t\t\t\t\t<div class=\"elementor-element elementor-element-40a395a elementor-widget elementor-widget-text-editor\" data-id=\"40a395a\" data-element_type=\"widget\" data-e-type=\"widget\" data-widget_type=\"text-editor.default\">\n\t\t\t\t<div class=\"elementor-widget-container\">\n\t\t\t\t\t\t\t\t\t<h4>Austria<\/h4><p><strong>Farmpacker<br \/><\/strong>Gurtner GmbH<br \/>Moosbach 4<br \/>5271 Moosbach<\/p><p>Tel: 077242966<br \/>Mail: <a href=\"mailto:office@gurtner.at\">office@gurtner.at<\/a><br \/>Web: <a href=\"http:\/\/www.gurtner.at\" target=\"_blank\" rel=\"noopener\">www.gurtner.at<\/a><\/p>\t\t\t\t\t\t\t\t<\/div>\n\t\t\t\t<\/div>\n\t\t\t\t\t<\/div>\n\t\t<\/div>\n\t\t\t\t\t<\/div>\n\t\t<\/section>\n\t\t\t\t<section class=\"elementor-section elementor-inner-section elementor-element elementor-element-339857c elementor-section-boxed elementor-section-height-default elementor-section-height-default\" data-id=\"339857c\" data-element_type=\"section\" data-e-type=\"section\">\n\t\t\t\t\t\t<div class=\"elementor-container elementor-column-gap-default\">\n\t\t\t\t\t<div class=\"elementor-column elementor-col-50 elementor-inner-column elementor-element elementor-element-5e28a17\" data-id=\"5e28a17\" data-element_type=\"column\" data-e-type=\"column\">\n\t\t\t<div class=\"elementor-widget-wrap elementor-element-populated\">\n\t\t\t\t\t\t<div class=\"elementor-element elementor-element-0a1cf5a elementor-widget elementor-widget-text-editor\" data-id=\"0a1cf5a\" data-element_type=\"widget\" data-e-type=\"widget\" data-widget_type=\"text-editor.default\">\n\t\t\t\t<div class=\"elementor-widget-container\">\n\t\t\t\t\t\t\t\t\t<h4>Canada<\/h4><p>Kaiser AG Solutions Ltd.<br \/>RR#5<br \/>T9A1X2 Wetaskiwin, Alberta<\/p><p>Tel: 7804050476<br \/>Mail: <a href=\"mailto:info@kaiserag.com\">info@kaiserag.com<\/a><br \/>Web: <a href=\"http:\/\/www.kaiserag.com\" target=\"_blank\" rel=\"noopener\">www.kaiserag.com<\/a><\/p>\t\t\t\t\t\t\t\t<\/div>\n\t\t\t\t<\/div>\n\t\t\t\t\t<\/div>\n\t\t<\/div>\n\t\t\t\t<div class=\"elementor-column elementor-col-50 elementor-inner-column elementor-element elementor-element-67926de\" data-id=\"67926de\" data-element_type=\"column\" data-e-type=\"column\">\n\t\t\t<div class=\"elementor-widget-wrap elementor-element-populated\">\n\t\t\t\t\t\t<div class=\"elementor-element elementor-element-7518722 elementor-widget elementor-widget-text-editor\" data-id=\"7518722\" data-element_type=\"widget\" data-e-type=\"widget\" data-widget_type=\"text-editor.default\">\n\t\t\t\t<div class=\"elementor-widget-container\">\n\t\t\t\t\t\t\t\t\t<h4>Poland<\/h4><p>SUMAR SP.Z.O.O.<br \/>ul. Objazdowa 15<br \/>41-922 RADZIONKOW<\/p><p>Tel: 0322890611<br \/>Mail: <a href=\"mailto:info@sumar.com.pl\">info@sumar.com.pl<\/a><br \/>Web: <a href=\"http:\/\/www.sumar.com.pl\">w<\/a><a href=\"http:\/\/www.sumar.com.pl\" target=\"_blank\" rel=\"noopener\">ww.sumar.com.pl<\/a><\/p>\t\t\t\t\t\t\t\t<\/div>\n\t\t\t\t<\/div>\n\t\t\t\t\t<\/div>\n\t\t<\/div>\n\t\t\t\t\t<\/div>\n\t\t<\/section>\n\t\t\t\t<section class=\"elementor-section elementor-inner-section elementor-element elementor-element-96bebdf elementor-section-boxed elementor-section-height-default elementor-section-height-default\" data-id=\"96bebdf\" data-element_type=\"section\" data-e-type=\"section\">\n\t\t\t\t\t\t<div class=\"elementor-container elementor-column-gap-default\">\n\t\t\t\t\t<div class=\"elementor-column elementor-col-50 elementor-inner-column elementor-element elementor-element-7b437dd\" data-id=\"7b437dd\" data-element_type=\"column\" data-e-type=\"column\">\n\t\t\t<div class=\"elementor-widget-wrap elementor-element-populated\">\n\t\t\t\t\t\t<div class=\"elementor-element elementor-element-ef64338 elementor-widget elementor-widget-text-editor\" data-id=\"ef64338\" data-element_type=\"widget\" data-e-type=\"widget\" data-widget_type=\"text-editor.default\">\n\t\t\t\t<div class=\"elementor-widget-container\">\n\t\t\t\t\t\t\t\t\t<h4><strong>New Zealand<\/strong><\/h4><p>GP Engineering Services Ltd<br \/>37 Crows Road, Swanson<br \/>0614 Auckland<\/p><p>Tel: 021488138<br \/>Mail: <a href=\"mailto:greg.gpes@gmail.com\" target=\"_blank\" rel=\"noopener\">greg.gpes@gmail.com<\/a><\/p>\t\t\t\t\t\t\t\t<\/div>\n\t\t\t\t<\/div>\n\t\t\t\t\t<\/div>\n\t\t<\/div>\n\t\t\t\t<div class=\"elementor-column elementor-col-50 elementor-inner-column elementor-element elementor-element-682f5f6\" data-id=\"682f5f6\" data-element_type=\"column\" data-e-type=\"column\">\n\t\t\t<div class=\"elementor-widget-wrap elementor-element-populated\">\n\t\t\t\t\t\t<div class=\"elementor-element elementor-element-34b8c92 elementor-widget elementor-widget-text-editor\" data-id=\"34b8c92\" data-element_type=\"widget\" data-e-type=\"widget\" data-widget_type=\"text-editor.default\">\n\t\t\t\t<div class=\"elementor-widget-container\">\n\t\t\t\t\t\t\t\t\t<h4><strong>Ireland<\/strong><\/h4><p>Eggtek Ltd.<br \/>20 Spout Road<br \/>BT828NA<br \/>Strabane, Co. Tyrone<br \/>Great Britain<\/p><p>Tel: 07858870066<br \/>Mail: <a href=\"mailto:info@eggtekltd.com\">info@eggtekltd.com<\/a><\/p>\t\t\t\t\t\t\t\t<\/div>\n\t\t\t\t<\/div>\n\t\t\t\t\t<\/div>\n\t\t<\/div>\n\t\t\t\t\t<\/div>\n\t\t<\/section>\n\t\t\t\t<section class=\"elementor-section elementor-inner-section elementor-element elementor-element-7e069b3 elementor-section-boxed elementor-section-height-default elementor-section-height-default\" data-id=\"7e069b3\" data-element_type=\"section\" data-e-type=\"section\">\n\t\t\t\t\t\t<div class=\"elementor-container elementor-column-gap-default\">\n\t\t\t\t\t<div class=\"elementor-column elementor-col-50 elementor-inner-column elementor-element elementor-element-9bf7152\" data-id=\"9bf7152\" data-element_type=\"column\" data-e-type=\"column\">\n\t\t\t<div class=\"elementor-widget-wrap elementor-element-populated\">\n\t\t\t\t\t\t<div class=\"elementor-element elementor-element-b29300b elementor-widget elementor-widget-text-editor\" data-id=\"b29300b\" data-element_type=\"widget\" data-e-type=\"widget\" data-widget_type=\"text-editor.default\">\n\t\t\t\t<div class=\"elementor-widget-container\">\n\t\t\t\t\t\t\t\t\t<h4><strong>Czech Republic<\/strong><\/h4><p>Hostivick\u00e1 STM, s.r.o.<br \/>Na V\u00fdhledu 1450<br \/>25301 Hostivice<\/p><p>Tel: 0602-335633<br \/>Mail: <a href=\"mailto:andy.sts@volny.cz\">andy.sts@volny.cz<\/a><br \/>Web: <a href=\"http:\/\/www.hostivickastm.cz\" target=\"_blank\" rel=\"noopener\">www.hostivickastm.cz<\/a><\/p>\t\t\t\t\t\t\t\t<\/div>\n\t\t\t\t<\/div>\n\t\t\t\t\t<\/div>\n\t\t<\/div>\n\t\t\t\t<div class=\"elementor-column elementor-col-50 elementor-inner-column elementor-element elementor-element-668cb56\" data-id=\"668cb56\" data-element_type=\"column\" data-e-type=\"column\">\n\t\t\t<div class=\"elementor-widget-wrap elementor-element-populated\">\n\t\t\t\t\t\t<div class=\"elementor-element elementor-element-4dac10c elementor-widget elementor-widget-text-editor\" data-id=\"4dac10c\" data-element_type=\"widget\" data-e-type=\"widget\" data-widget_type=\"text-editor.default\">\n\t\t\t\t<div class=\"elementor-widget-container\">\n\t\t\t\t\t\t\t\t\t<h4><strong>Romania<\/strong><\/h4><p>Pterotec SRL<br \/>str. Ciprian Porumbescu no. 10M, Otopeni,<br \/>075100 Ilfov county<\/p><p>Tel: 744 174 471<br \/>Mail: <a href=\"mailto:contact@galitech.ro\">contact@galitech.ro<\/a><br \/>Web: <a href=\"https:\/\/www.galitech.ro\" target=\"_blank\" rel=\"noopener\">www.galitech.ro<\/a><\/p>\t\t\t\t\t\t\t\t<\/div>\n\t\t\t\t<\/div>\n\t\t\t\t\t<\/div>\n\t\t<\/div>\n\t\t\t\t\t<\/div>\n\t\t<\/section>\n\t\t\t\t<section class=\"elementor-section elementor-inner-section elementor-element elementor-element-c70dc68 elementor-section-boxed elementor-section-height-default elementor-section-height-default\" data-id=\"c70dc68\" data-element_type=\"section\" data-e-type=\"section\">\n\t\t\t\t\t\t<div class=\"elementor-container elementor-column-gap-default\">\n\t\t\t\t\t<div class=\"elementor-column elementor-col-50 elementor-inner-column elementor-element elementor-element-8bdbff2\" data-id=\"8bdbff2\" data-element_type=\"column\" data-e-type=\"column\">\n\t\t\t<div class=\"elementor-widget-wrap elementor-element-populated\">\n\t\t\t\t\t\t<div class=\"elementor-element elementor-element-859570a elementor-widget elementor-widget-text-editor\" data-id=\"859570a\" data-element_type=\"widget\" data-e-type=\"widget\" data-widget_type=\"text-editor.default\">\n\t\t\t\t<div class=\"elementor-widget-container\">\n\t\t\t\t\t\t\t\t\t<h4><strong>United Kingdom<\/strong><\/h4><p>Egg Packaging Enterprises<br \/>Units 15 &amp; 16 Oakwood Road<br \/>OAK TREE BUSINESS PARK<br \/>Mansfield NG18 3HQ<br \/>United Kingdom<\/p><p>Tel: 01623 795911<br \/>Mail: <a href=\"mailto:info@eggpackagingenterprises.co.uk\">info@eggpackagingenterprises.co.uk<\/a><br \/>Web: <a href=\"https:\/\/www.egg-packaging-enterprises.co.uk\" target=\"_blank\" rel=\"noopener\">www.egg-packaging-enterprises.co.uk<\/a><\/p>\t\t\t\t\t\t\t\t<\/div>\n\t\t\t\t<\/div>\n\t\t\t\t\t<\/div>\n\t\t<\/div>\n\t\t\t\t<div class=\"elementor-column elementor-col-50 elementor-inner-column elementor-element elementor-element-87c0319\" data-id=\"87c0319\" data-element_type=\"column\" data-e-type=\"column\">\n\t\t\t<div class=\"elementor-widget-wrap elementor-element-populated\">\n\t\t\t\t\t\t<div class=\"elementor-element elementor-element-9419071 elementor-widget elementor-widget-text-editor\" data-id=\"9419071\" data-element_type=\"widget\" data-e-type=\"widget\" data-widget_type=\"text-editor.default\">\n\t\t\t\t<div class=\"elementor-widget-container\">\n\t\t\t\t\t\t\t\t\t<h4><strong>USA<\/strong><\/h4><p>Egg Breakers USA, LLC<br \/>1680 Michigan Avenue, Suite 700<br \/>Miami\u00a0Beach, FL 33139<br \/>USA<\/p><p>Tel: 305 777 2227<br \/>Mail: <a href=\"mailto:sales@eggbreakers.us\">sales@eggbreakers.us<\/a><br \/>Web: <a href=\"https:\/\/www.eggbreakers.us\" target=\"_blank\" rel=\"noopener\">www.eggbreakers.us<\/a><\/p>\t\t\t\t\t\t\t\t<\/div>\n\t\t\t\t<\/div>\n\t\t\t\t\t<\/div>\n\t\t<\/div>\n\t\t\t\t\t<\/div>\n\t\t<\/section>\n\t\t\t\t\t<\/div>\n\t\t<\/div>\n\t\t\t\t\t<\/div>\n\t\t<\/section>\n\t\t\t\t<\/div>\n\t\t","protected":false},"excerpt":{"rendered":"<p>Dealer Greece Karabinas S.A.Pedini45500 Ioannina Tel: 2651093639Mail: info@vkarabinas-sa.grWebsite: www.vkarabinas-sa.gr France SAS OVOSYSTEMS1 rue de la Lib\u00e9rationHameau de Beaugrenier60240 MONTJAVOULT Tel: +33612176934Mail: tesse.jc@orange.fr Sweden\/Norway Victorsson Poultry ABAlmedalsv\u00e4gen 18243963 Frilles\u00e5s Tel: 072-2370663Mail: info@victorssonpoultry.seWebsite: www.victorssonpoultry.se Hungary GALEX Hung\u00e1ria Kft.Kert\u00e9sz str. 12\/46000 Kecskem\u00e9t Tel: 0302057802Mail: galex@galexhungaria.huWebsite: www.galexhungaria.hu Austria EiersortiermaschinenJanker Agrartechnik GmbHFohrafeld 113233 Kilb Tel: 0274874060Mail: office@janker.atWeb: www.janker.at Austria FarmpackerGurtner&#8230;<\/p>\n","protected":false},"author":1,"featured_media":0,"parent":0,"menu_order":0,"comment_status":"closed","ping_status":"closed","template":"","meta":{"_tbt_post_transparent":"","_tbt_post_title":"hide","_tbt_post_layout":"fullwidth","_tbt_post_sidebar_id":"","_tbt_post_content_style":"unboxed","_tbt_post_vertical_padding":"hide","_tbt_post_feature":"hide","_tbt_post_feature_position":"","_tbt_post_header":false,"_tbt_post_footer":false},"class_list":["post-11301","page","type-page","status-publish","hentry"],"_links":{"self":[{"href":"https:\/\/www.voelker-gmbh.com\/en\/wp-json\/wp\/v2\/pages\/11301","targetHints":{"allow":["GET"]}}],"collection":[{"href":"https:\/\/www.voelker-gmbh.com\/en\/wp-json\/wp\/v2\/pages"}],"about":[{"href":"https:\/\/www.voelker-gmbh.com\/en\/wp-json\/wp\/v2\/types\/page"}],"author":[{"embeddable":true,"href":"https:\/\/www.voelker-gmbh.com\/en\/wp-json\/wp\/v2\/users\/1"}],"replies":[{"embeddable":true,"href":"https:\/\/www.voelker-gmbh.com\/en\/wp-json\/wp\/v2\/comments?post=11301"}],"version-history":[{"count":47,"href":"https:\/\/www.voelker-gmbh.com\/en\/wp-json\/wp\/v2\/pages\/11301\/revisions"}],"predecessor-version":[{"id":11634,"href":"https:\/\/www.voelker-gmbh.com\/en\/wp-json\/wp\/v2\/pages\/11301\/revisions\/11634"}],"wp:attachment":[{"href":"https:\/\/www.voelker-gmbh.com\/en\/wp-json\/wp\/v2\/media?parent=11301"}],"curies":[{"name":"wp","href":"https:\/\/api.w.org\/{rel}","templated":true}]}}