{"id":11248,"date":"2023-07-17T13:49:32","date_gmt":"2023-07-17T11:49:32","guid":{"rendered":"https:\/\/www.voelker-gmbh.com\/produkte\/"},"modified":"2024-02-01T14:10:31","modified_gmt":"2024-02-01T13:10:31","slug":"products","status":"publish","type":"page","link":"https:\/\/www.voelker-gmbh.com\/en\/products\/","title":{"rendered":"Products"},"content":{"rendered":"\t\t<div data-elementor-type=\"wp-page\" data-elementor-id=\"11248\" class=\"elementor elementor-11248 elementor-10668\" data-elementor-post-type=\"page\">\n\t\t\t\t\t\t<section class=\"elementor-section elementor-top-section elementor-element elementor-element-45f2a3a3 elementor-section-content-middle elementor-section-boxed elementor-section-height-default elementor-section-height-default\" data-id=\"45f2a3a3\" data-element_type=\"section\" data-e-type=\"section\">\n\t\t\t\t\t\t<div class=\"elementor-container elementor-column-gap-no\">\n\t\t\t\t\t<div class=\"elementor-column elementor-col-50 elementor-top-column elementor-element elementor-element-68dded99\" data-id=\"68dded99\" data-element_type=\"column\" data-e-type=\"column\">\n\t\t\t<div class=\"elementor-widget-wrap elementor-element-populated\">\n\t\t\t\t\t\t<div class=\"elementor-element elementor-element-73b5d715 elementor-widget-divider--view-line elementor-widget elementor-widget-divider\" data-id=\"73b5d715\" data-element_type=\"widget\" data-e-type=\"widget\" data-widget_type=\"divider.default\">\n\t\t\t\t<div class=\"elementor-widget-container\">\n\t\t\t\t\t\t\t<div class=\"elementor-divider\">\n\t\t\t<span class=\"elementor-divider-separator\">\n\t\t\t\t\t\t<\/span>\n\t\t<\/div>\n\t\t\t\t\t\t<\/div>\n\t\t\t\t<\/div>\n\t\t\t\t<div class=\"elementor-element elementor-element-3d933a95 elementor-widget elementor-widget-heading\" data-id=\"3d933a95\" data-element_type=\"widget\" data-e-type=\"widget\" data-widget_type=\"heading.default\">\n\t\t\t\t<div class=\"elementor-widget-container\">\n\t\t\t\t\t<h4 class=\"elementor-heading-title elementor-size-default\">Products<\/h4>\t\t\t\t<\/div>\n\t\t\t\t<\/div>\n\t\t\t\t\t<\/div>\n\t\t<\/div>\n\t\t\t\t<div class=\"elementor-column elementor-col-50 elementor-top-column elementor-element elementor-element-6d4cd75e\" data-id=\"6d4cd75e\" data-element_type=\"column\" data-e-type=\"column\">\n\t\t\t<div class=\"elementor-widget-wrap elementor-element-populated\">\n\t\t\t\t\t\t<div class=\"elementor-element elementor-element-61c3cd01 elementor-widget elementor-widget-text-editor\" data-id=\"61c3cd01\" data-element_type=\"widget\" data-e-type=\"widget\" data-widget_type=\"text-editor.default\">\n\t\t\t\t<div class=\"elementor-widget-container\">\n\t\t\t\t\t\t\t\t\t<p><strong>V\u00f6lker <\/strong>does not only offer a wide range of standard machines but also building tailor made machines which fit right to customer needs and requirements. Also design of the machines can be adjusted to local conditions.<\/p><p>Thanks to our long lasting collaborations with different suppliers in poultry business worldwide we do have several possibilities to connect our machines online to the eggbelts.<\/p>\t\t\t\t\t\t\t\t<\/div>\n\t\t\t\t<\/div>\n\t\t\t\t\t<\/div>\n\t\t<\/div>\n\t\t\t\t\t<\/div>\n\t\t<\/section>\n\t\t\t\t<section class=\"elementor-section elementor-top-section elementor-element elementor-element-38a3c25 elementor-section-boxed elementor-section-height-default elementor-section-height-default\" data-id=\"38a3c25\" data-element_type=\"section\" data-e-type=\"section\">\n\t\t\t\t\t\t<div class=\"elementor-container elementor-column-gap-default\">\n\t\t\t\t\t<div class=\"elementor-column elementor-col-100 elementor-top-column elementor-element elementor-element-cedea27\" data-id=\"cedea27\" data-element_type=\"column\" data-e-type=\"column\">\n\t\t\t<div class=\"elementor-widget-wrap elementor-element-populated\">\n\t\t\t\t\t\t<div class=\"elementor-element elementor-element-b296c33 elementor-widget elementor-widget-gallery\" data-id=\"b296c33\" data-element_type=\"widget\" data-e-type=\"widget\" data-settings=\"{&quot;gallery_layout&quot;:&quot;masonry&quot;,&quot;columns&quot;:3,&quot;lazyload&quot;:&quot;yes&quot;,&quot;columns_tablet&quot;:2,&quot;columns_mobile&quot;:1,&quot;gap&quot;:{&quot;unit&quot;:&quot;px&quot;,&quot;size&quot;:10,&quot;sizes&quot;:[]},&quot;gap_tablet&quot;:{&quot;unit&quot;:&quot;px&quot;,&quot;size&quot;:10,&quot;sizes&quot;:[]},&quot;gap_mobile&quot;:{&quot;unit&quot;:&quot;px&quot;,&quot;size&quot;:10,&quot;sizes&quot;:[]},&quot;link_to&quot;:&quot;file&quot;,&quot;overlay_background&quot;:&quot;yes&quot;,&quot;content_hover_animation&quot;:&quot;fade-in&quot;}\" data-widget_type=\"gallery.default\">\n\t\t\t\t<div class=\"elementor-widget-container\">\n\t\t\t\t\t\t\t<div class=\"elementor-gallery__container\">\n\t\t\t\t\t\t\t<a class=\"e-gallery-item elementor-gallery-item elementor-animated-content\" href=\"https:\/\/www.voelker-gmbh.com\/wp-content\/uploads\/2023\/07\/Service-4.jpg\" data-elementor-open-lightbox=\"yes\" data-elementor-lightbox-slideshow=\"b296c33\" data-elementor-lightbox-title=\"Service 4\" data-e-action-hash=\"#elementor-action%3Aaction%3Dlightbox%26settings%3DeyJpZCI6MTA2NjMsInVybCI6Imh0dHBzOlwvXC93d3cudm9lbGtlci1nbWJoLmNvbVwvd3AtY29udGVudFwvdXBsb2Fkc1wvMjAyM1wvMDdcL1NlcnZpY2UtNC5qcGciLCJzbGlkZXNob3ciOiJiMjk2YzMzIn0%3D\">\n\t\t\t\t\t<div class=\"e-gallery-image elementor-gallery-item__image\" data-thumbnail=\"https:\/\/www.voelker-gmbh.com\/wp-content\/uploads\/2023\/07\/Service-4-300x200.jpg\" data-width=\"300\" data-height=\"200\" aria-label=\"\" role=\"img\" ><\/div>\n\t\t\t\t\t\t\t\t\t\t\t<div class=\"elementor-gallery-item__overlay\"><\/div>\n\t\t\t\t\t\t\t\t\t\t\t\t\t\t<\/a>\n\t\t\t\t\t\t\t<a class=\"e-gallery-item elementor-gallery-item elementor-animated-content\" href=\"https:\/\/www.voelker-gmbh.com\/wp-content\/uploads\/2023\/07\/Service-3.jpg\" data-elementor-open-lightbox=\"yes\" data-elementor-lightbox-slideshow=\"b296c33\" data-elementor-lightbox-title=\"Service 3\" data-e-action-hash=\"#elementor-action%3Aaction%3Dlightbox%26settings%3DeyJpZCI6MTA2NjIsInVybCI6Imh0dHBzOlwvXC93d3cudm9lbGtlci1nbWJoLmNvbVwvd3AtY29udGVudFwvdXBsb2Fkc1wvMjAyM1wvMDdcL1NlcnZpY2UtMy5qcGciLCJzbGlkZXNob3ciOiJiMjk2YzMzIn0%3D\">\n\t\t\t\t\t<div class=\"e-gallery-image elementor-gallery-item__image\" data-thumbnail=\"https:\/\/www.voelker-gmbh.com\/wp-content\/uploads\/2023\/07\/Service-3.jpg\" data-width=\"300\" data-height=\"200\" aria-label=\"\" role=\"img\" ><\/div>\n\t\t\t\t\t\t\t\t\t\t\t<div class=\"elementor-gallery-item__overlay\"><\/div>\n\t\t\t\t\t\t\t\t\t\t\t\t\t\t<\/a>\n\t\t\t\t\t\t\t<a class=\"e-gallery-item elementor-gallery-item elementor-animated-content\" href=\"https:\/\/www.voelker-gmbh.com\/wp-content\/uploads\/2023\/07\/Service-2.jpg\" data-elementor-open-lightbox=\"yes\" data-elementor-lightbox-slideshow=\"b296c33\" data-elementor-lightbox-title=\"Service 2\" data-e-action-hash=\"#elementor-action%3Aaction%3Dlightbox%26settings%3DeyJpZCI6MTA2NjEsInVybCI6Imh0dHBzOlwvXC93d3cudm9lbGtlci1nbWJoLmNvbVwvd3AtY29udGVudFwvdXBsb2Fkc1wvMjAyM1wvMDdcL1NlcnZpY2UtMi5qcGciLCJzbGlkZXNob3ciOiJiMjk2YzMzIn0%3D\">\n\t\t\t\t\t<div class=\"e-gallery-image elementor-gallery-item__image\" data-thumbnail=\"https:\/\/www.voelker-gmbh.com\/wp-content\/uploads\/2023\/07\/Service-2-300x200.jpg\" data-width=\"300\" data-height=\"200\" aria-label=\"\" role=\"img\" ><\/div>\n\t\t\t\t\t\t\t\t\t\t\t<div class=\"elementor-gallery-item__overlay\"><\/div>\n\t\t\t\t\t\t\t\t\t\t\t\t\t\t<\/a>\n\t\t\t\t\t\t\t<a class=\"e-gallery-item elementor-gallery-item elementor-animated-content\" href=\"https:\/\/www.voelker-gmbh.com\/wp-content\/uploads\/2023\/07\/Service-1.jpg\" data-elementor-open-lightbox=\"yes\" data-elementor-lightbox-slideshow=\"b296c33\" data-elementor-lightbox-title=\"Service 1\" data-e-action-hash=\"#elementor-action%3Aaction%3Dlightbox%26settings%3DeyJpZCI6MTA2NjAsInVybCI6Imh0dHBzOlwvXC93d3cudm9lbGtlci1nbWJoLmNvbVwvd3AtY29udGVudFwvdXBsb2Fkc1wvMjAyM1wvMDdcL1NlcnZpY2UtMS5qcGciLCJzbGlkZXNob3ciOiJiMjk2YzMzIn0%3D\">\n\t\t\t\t\t<div class=\"e-gallery-image elementor-gallery-item__image\" data-thumbnail=\"https:\/\/www.voelker-gmbh.com\/wp-content\/uploads\/2023\/07\/Service-1-300x200.jpg\" data-width=\"300\" data-height=\"200\" aria-label=\"\" role=\"img\" ><\/div>\n\t\t\t\t\t\t\t\t\t\t\t<div class=\"elementor-gallery-item__overlay\"><\/div>\n\t\t\t\t\t\t\t\t\t\t\t\t\t\t<\/a>\n\t\t\t\t\t\t\t<a class=\"e-gallery-item elementor-gallery-item elementor-animated-content\" href=\"https:\/\/www.voelker-gmbh.com\/wp-content\/uploads\/2023\/07\/slider_1.jpg\" data-elementor-open-lightbox=\"yes\" data-elementor-lightbox-slideshow=\"b296c33\" data-elementor-lightbox-title=\"slider_1\" data-e-action-hash=\"#elementor-action%3Aaction%3Dlightbox%26settings%3DeyJpZCI6MTA2ODIsInVybCI6Imh0dHBzOlwvXC93d3cudm9lbGtlci1nbWJoLmNvbVwvd3AtY29udGVudFwvdXBsb2Fkc1wvMjAyM1wvMDdcL3NsaWRlcl8xLmpwZyIsInNsaWRlc2hvdyI6ImIyOTZjMzMifQ%3D%3D\">\n\t\t\t\t\t<div class=\"e-gallery-image elementor-gallery-item__image\" data-thumbnail=\"https:\/\/www.voelker-gmbh.com\/wp-content\/uploads\/2023\/07\/slider_1-300x104.jpg\" data-width=\"300\" data-height=\"104\" aria-label=\"\" role=\"img\" ><\/div>\n\t\t\t\t\t\t\t\t\t\t\t<div class=\"elementor-gallery-item__overlay\"><\/div>\n\t\t\t\t\t\t\t\t\t\t\t\t\t\t<\/a>\n\t\t\t\t\t\t\t<a class=\"e-gallery-item elementor-gallery-item elementor-animated-content\" href=\"https:\/\/www.voelker-gmbh.com\/wp-content\/uploads\/2023\/07\/Ueber-uns-4.jpg\" data-elementor-open-lightbox=\"yes\" data-elementor-lightbox-slideshow=\"b296c33\" data-elementor-lightbox-title=\"Ueber uns 4\" data-e-action-hash=\"#elementor-action%3Aaction%3Dlightbox%26settings%3DeyJpZCI6MTA1NDAsInVybCI6Imh0dHBzOlwvXC93d3cudm9lbGtlci1nbWJoLmNvbVwvd3AtY29udGVudFwvdXBsb2Fkc1wvMjAyM1wvMDdcL1VlYmVyLXVucy00LmpwZyIsInNsaWRlc2hvdyI6ImIyOTZjMzMifQ%3D%3D\">\n\t\t\t\t\t<div class=\"e-gallery-image elementor-gallery-item__image\" data-thumbnail=\"https:\/\/www.voelker-gmbh.com\/wp-content\/uploads\/2023\/07\/Ueber-uns-4-300x200.jpg\" data-width=\"300\" data-height=\"200\" aria-label=\"\" role=\"img\" ><\/div>\n\t\t\t\t\t\t\t\t\t\t\t<div class=\"elementor-gallery-item__overlay\"><\/div>\n\t\t\t\t\t\t\t\t\t\t\t\t\t\t<\/a>\n\t\t\t\t\t\t\t<a class=\"e-gallery-item elementor-gallery-item elementor-animated-content\" href=\"https:\/\/www.voelker-gmbh.com\/wp-content\/uploads\/2023\/07\/Ueber-uns-2.jpg\" data-elementor-open-lightbox=\"yes\" data-elementor-lightbox-slideshow=\"b296c33\" data-elementor-lightbox-title=\"Ueber uns 2\" data-e-action-hash=\"#elementor-action%3Aaction%3Dlightbox%26settings%3DeyJpZCI6MTA1MzgsInVybCI6Imh0dHBzOlwvXC93d3cudm9lbGtlci1nbWJoLmNvbVwvd3AtY29udGVudFwvdXBsb2Fkc1wvMjAyM1wvMDdcL1VlYmVyLXVucy0yLmpwZyIsInNsaWRlc2hvdyI6ImIyOTZjMzMifQ%3D%3D\">\n\t\t\t\t\t<div class=\"e-gallery-image elementor-gallery-item__image\" data-thumbnail=\"https:\/\/www.voelker-gmbh.com\/wp-content\/uploads\/2023\/07\/Ueber-uns-2-300x200.jpg\" data-width=\"300\" data-height=\"200\" aria-label=\"\" role=\"img\" ><\/div>\n\t\t\t\t\t\t\t\t\t\t\t<div class=\"elementor-gallery-item__overlay\"><\/div>\n\t\t\t\t\t\t\t\t\t\t\t\t\t\t<\/a>\n\t\t\t\t\t\t\t<a class=\"e-gallery-item elementor-gallery-item elementor-animated-content\" href=\"https:\/\/www.voelker-gmbh.com\/wp-content\/uploads\/2023\/07\/Ueber-uns-3.jpg\" data-elementor-open-lightbox=\"yes\" data-elementor-lightbox-slideshow=\"b296c33\" data-elementor-lightbox-title=\"Ueber uns 3\" data-e-action-hash=\"#elementor-action%3Aaction%3Dlightbox%26settings%3DeyJpZCI6MTA1MzksInVybCI6Imh0dHBzOlwvXC93d3cudm9lbGtlci1nbWJoLmNvbVwvd3AtY29udGVudFwvdXBsb2Fkc1wvMjAyM1wvMDdcL1VlYmVyLXVucy0zLmpwZyIsInNsaWRlc2hvdyI6ImIyOTZjMzMifQ%3D%3D\">\n\t\t\t\t\t<div class=\"e-gallery-image elementor-gallery-item__image\" data-thumbnail=\"https:\/\/www.voelker-gmbh.com\/wp-content\/uploads\/2023\/07\/Ueber-uns-3-300x200.jpg\" data-width=\"300\" data-height=\"200\" aria-label=\"\" role=\"img\" ><\/div>\n\t\t\t\t\t\t\t\t\t\t\t<div class=\"elementor-gallery-item__overlay\"><\/div>\n\t\t\t\t\t\t\t\t\t\t\t\t\t\t<\/a>\n\t\t\t\t\t\t\t<a class=\"e-gallery-item elementor-gallery-item elementor-animated-content\" href=\"https:\/\/www.voelker-gmbh.com\/wp-content\/uploads\/2023\/07\/023-DSC_1874cTimo_Lutz_Werbefotografie.jpg\" data-elementor-open-lightbox=\"yes\" data-elementor-lightbox-slideshow=\"b296c33\" data-elementor-lightbox-title=\"023-DSC_1874(c)Timo_Lutz_Werbefotografie\" data-e-action-hash=\"#elementor-action%3Aaction%3Dlightbox%26settings%3DeyJpZCI6MTA0NTYsInVybCI6Imh0dHBzOlwvXC93d3cudm9lbGtlci1nbWJoLmNvbVwvd3AtY29udGVudFwvdXBsb2Fkc1wvMjAyM1wvMDdcLzAyMy1EU0NfMTg3NGNUaW1vX0x1dHpfV2VyYmVmb3RvZ3JhZmllLmpwZyIsInNsaWRlc2hvdyI6ImIyOTZjMzMifQ%3D%3D\">\n\t\t\t\t\t<div class=\"e-gallery-image elementor-gallery-item__image\" data-thumbnail=\"https:\/\/www.voelker-gmbh.com\/wp-content\/uploads\/2023\/07\/023-DSC_1874cTimo_Lutz_Werbefotografie-300x200.jpg\" data-width=\"300\" data-height=\"200\" aria-label=\"\" role=\"img\" ><\/div>\n\t\t\t\t\t\t\t\t\t\t\t<div class=\"elementor-gallery-item__overlay\"><\/div>\n\t\t\t\t\t\t\t\t\t\t\t\t\t\t<\/a>\n\t\t\t\t\t\t\t<a class=\"e-gallery-item elementor-gallery-item elementor-animated-content\" href=\"https:\/\/www.voelker-gmbh.com\/wp-content\/uploads\/2023\/07\/Ueber-uns-1.jpg\" data-elementor-open-lightbox=\"yes\" data-elementor-lightbox-slideshow=\"b296c33\" data-elementor-lightbox-title=\"Ueber uns 1\" data-e-action-hash=\"#elementor-action%3Aaction%3Dlightbox%26settings%3DeyJpZCI6MTA1MzcsInVybCI6Imh0dHBzOlwvXC93d3cudm9lbGtlci1nbWJoLmNvbVwvd3AtY29udGVudFwvdXBsb2Fkc1wvMjAyM1wvMDdcL1VlYmVyLXVucy0xLmpwZyIsInNsaWRlc2hvdyI6ImIyOTZjMzMifQ%3D%3D\">\n\t\t\t\t\t<div class=\"e-gallery-image elementor-gallery-item__image\" data-thumbnail=\"https:\/\/www.voelker-gmbh.com\/wp-content\/uploads\/2023\/07\/Ueber-uns-1-300x200.jpg\" data-width=\"300\" data-height=\"200\" aria-label=\"\" role=\"img\" ><\/div>\n\t\t\t\t\t\t\t\t\t\t\t<div class=\"elementor-gallery-item__overlay\"><\/div>\n\t\t\t\t\t\t\t\t\t\t\t\t\t\t<\/a>\n\t\t\t\t\t\t\t<a class=\"e-gallery-item elementor-gallery-item elementor-animated-content\" href=\"https:\/\/www.voelker-gmbh.com\/wp-content\/uploads\/2023\/07\/DSC_2179-b-1.jpg\" data-elementor-open-lightbox=\"yes\" data-elementor-lightbox-slideshow=\"b296c33\" data-elementor-lightbox-title=\"DSC_2179-b\" data-e-action-hash=\"#elementor-action%3Aaction%3Dlightbox%26settings%3DeyJpZCI6MTA0NTUsInVybCI6Imh0dHBzOlwvXC93d3cudm9lbGtlci1nbWJoLmNvbVwvd3AtY29udGVudFwvdXBsb2Fkc1wvMjAyM1wvMDdcL0RTQ18yMTc5LWItMS5qcGciLCJzbGlkZXNob3ciOiJiMjk2YzMzIn0%3D\">\n\t\t\t\t\t<div class=\"e-gallery-image elementor-gallery-item__image\" data-thumbnail=\"https:\/\/www.voelker-gmbh.com\/wp-content\/uploads\/2023\/07\/DSC_2179-b-1-300x200.jpg\" data-width=\"300\" data-height=\"200\" aria-label=\"\" role=\"img\" ><\/div>\n\t\t\t\t\t\t\t\t\t\t\t<div class=\"elementor-gallery-item__overlay\"><\/div>\n\t\t\t\t\t\t\t\t\t\t\t\t\t\t<\/a>\n\t\t\t\t\t\t\t<a class=\"e-gallery-item elementor-gallery-item elementor-animated-content\" href=\"https:\/\/www.voelker-gmbh.com\/wp-content\/uploads\/2023\/07\/DSC_2179-b.jpg\" data-elementor-open-lightbox=\"yes\" data-elementor-lightbox-slideshow=\"b296c33\" data-elementor-lightbox-title=\"DSC_2179-b\" data-e-action-hash=\"#elementor-action%3Aaction%3Dlightbox%26settings%3DeyJpZCI6MTA0NTQsInVybCI6Imh0dHBzOlwvXC93d3cudm9lbGtlci1nbWJoLmNvbVwvd3AtY29udGVudFwvdXBsb2Fkc1wvMjAyM1wvMDdcL0RTQ18yMTc5LWIuanBnIiwic2xpZGVzaG93IjoiYjI5NmMzMyJ9\">\n\t\t\t\t\t<div class=\"e-gallery-image elementor-gallery-item__image\" data-thumbnail=\"https:\/\/www.voelker-gmbh.com\/wp-content\/uploads\/2023\/07\/DSC_2179-b.jpg\" data-width=\"300\" data-height=\"200\" aria-label=\"\" role=\"img\" ><\/div>\n\t\t\t\t\t\t\t\t\t\t\t<div class=\"elementor-gallery-item__overlay\"><\/div>\n\t\t\t\t\t\t\t\t\t\t\t\t\t\t<\/a>\n\t\t\t\t\t\t\t<a class=\"e-gallery-item elementor-gallery-item elementor-animated-content\" href=\"https:\/\/www.voelker-gmbh.com\/wp-content\/uploads\/2023\/07\/DSC_2179-bcTimo_Lutz_Werbefotografie.jpg\" data-elementor-open-lightbox=\"yes\" data-elementor-lightbox-slideshow=\"b296c33\" data-elementor-lightbox-title=\"DSC_2179-b(c)Timo_Lutz_Werbefotografie\" data-e-action-hash=\"#elementor-action%3Aaction%3Dlightbox%26settings%3DeyJpZCI6MTA0NTMsInVybCI6Imh0dHBzOlwvXC93d3cudm9lbGtlci1nbWJoLmNvbVwvd3AtY29udGVudFwvdXBsb2Fkc1wvMjAyM1wvMDdcL0RTQ18yMTc5LWJjVGltb19MdXR6X1dlcmJlZm90b2dyYWZpZS5qcGciLCJzbGlkZXNob3ciOiJiMjk2YzMzIn0%3D\">\n\t\t\t\t\t<div class=\"e-gallery-image elementor-gallery-item__image\" data-thumbnail=\"https:\/\/www.voelker-gmbh.com\/wp-content\/uploads\/2023\/07\/DSC_2179-bcTimo_Lutz_Werbefotografie.jpg\" data-width=\"300\" data-height=\"200\" aria-label=\"\" role=\"img\" ><\/div>\n\t\t\t\t\t\t\t\t\t\t\t<div class=\"elementor-gallery-item__overlay\"><\/div>\n\t\t\t\t\t\t\t\t\t\t\t\t\t\t<\/a>\n\t\t\t\t\t<\/div>\n\t\t\t\t\t<\/div>\n\t\t\t\t<\/div>\n\t\t\t\t\t<\/div>\n\t\t<\/div>\n\t\t\t\t\t<\/div>\n\t\t<\/section>\n\t\t\t\t<\/div>\n\t\t","protected":false},"excerpt":{"rendered":"<p>Produkte V\u00f6lker bietet Ihnen nicht nur eine breite Produktpalette an Maschinen mit Standardaufbauten, sondern konzipieren je nach Anforderung und \u00f6rtlicher Gegebenheit unserer Kunden Sonderl\u00f6sungen, die sich mit unserem Standardprogramm oder speziellen Produkten aus dem Sonderbau umsetzen lassen. Durch unsere langj\u00e4hrige Zusammenarbeit mit diversen Stallausr\u00fcstern und deren Zulieferer k\u00f6nnen wir diverse M\u00f6glichkeit zur direkten Anbindung unserer&#8230;<\/p>\n","protected":false},"author":1,"featured_media":0,"parent":0,"menu_order":0,"comment_status":"closed","ping_status":"closed","template":"","meta":{"_tbt_post_transparent":"","_tbt_post_title":"hide","_tbt_post_layout":"fullwidth","_tbt_post_sidebar_id":"","_tbt_post_content_style":"unboxed","_tbt_post_vertical_padding":"hide","_tbt_post_feature":"hide","_tbt_post_feature_position":"","_tbt_post_header":false,"_tbt_post_footer":false},"class_list":["post-11248","page","type-page","status-publish","hentry"],"_links":{"self":[{"href":"https:\/\/www.voelker-gmbh.com\/en\/wp-json\/wp\/v2\/pages\/11248","targetHints":{"allow":["GET"]}}],"collection":[{"href":"https:\/\/www.voelker-gmbh.com\/en\/wp-json\/wp\/v2\/pages"}],"about":[{"href":"https:\/\/www.voelker-gmbh.com\/en\/wp-json\/wp\/v2\/types\/page"}],"author":[{"embeddable":true,"href":"https:\/\/www.voelker-gmbh.com\/en\/wp-json\/wp\/v2\/users\/1"}],"replies":[{"embeddable":true,"href":"https:\/\/www.voelker-gmbh.com\/en\/wp-json\/wp\/v2\/comments?post=11248"}],"version-history":[{"count":6,"href":"https:\/\/www.voelker-gmbh.com\/en\/wp-json\/wp\/v2\/pages\/11248\/revisions"}],"predecessor-version":[{"id":11259,"href":"https:\/\/www.voelker-gmbh.com\/en\/wp-json\/wp\/v2\/pages\/11248\/revisions\/11259"}],"wp:attachment":[{"href":"https:\/\/www.voelker-gmbh.com\/en\/wp-json\/wp\/v2\/media?parent=11248"}],"curies":[{"name":"wp","href":"https:\/\/api.w.org\/{rel}","templated":true}]}}